{"id":5117,"date":"2018-10-08T14:42:57","date_gmt":"2018-10-08T14:42:57","guid":{"rendered":"https:\/\/www.online-fejvadasz.hu\/dijbeszedo-leolvaso\/?page_id=5117"},"modified":"2023-07-26T13:46:07","modified_gmt":"2023-07-26T13:46:07","slug":"fogyasztasmero-leolvasot-keres-a-dijbeszedo-zrt","status":"publish","type":"page","link":"https:\/\/online-fejvadasz.hu\/dijbeszedo-leolvaso\/","title":{"rendered":"Fogyaszt\u00e1sm\u00e9r\u0151 leolvas\u00f3"},"content":{"rendered":"<p>[vc_row full_width=&#8221;stretch_row_content&#8221; content_placement=&#8221;top&#8221; content_text_aligment=&#8221;center&#8221; css=&#8221;.vc_custom_1581942114729{background-image: url(https:\/\/online-fejvadasz.hu\/dijbeszedo-leolvaso\/wp-content\/uploads\/sites\/9\/2020\/02\/dijbeszedo-leolvaso-cover.jpg?id=5197) !important;background-position: center !important;background-repeat: no-repeat !important;background-size: cover !important;}&#8221;][vc_column][vc_column_text]<\/p>\n<div style=\"height: 400px;\"><\/div>\n<p>[\/vc_column_text][\/vc_column][\/vc_row][vc_row css=&#8221;.vc_custom_1509972616523{margin-top: -10px !important;}&#8221;][vc_column][vc_column_text]<\/p>\n<h2>Fogyaszt\u00e1sm\u00e9r\u0151 leolvas\u00f3: Egy t\u00far\u00e1z\u00f3, aki a hobbij\u00e1\u00e9rt p\u00e9nzt is kap<\/h2>\n<p><!--more--><\/p>\n<h4><\/h4>\n<h4>\u00a0 \u00a0&gt; \u00d6n jobban \u00e9rzi mag\u00e1t munka k\u00f6zben a friss leveg\u0151n?<\/h4>\n<h4>\u00a0 \u00a0&gt; A hobbijai k\u00f6z\u00e9 tartozik a t\u00far\u00e1z\u00e1s \u00e9s a fot\u00f3z\u00e1s vagy lelkesen \u00e9rdekl\u0151dik ir\u00e1ntuk?<\/h4>\n<h4>\u00a0 \u00a0&gt; Szeretne kiszabadulni a n\u00e9gy fal k\u00f6z\u00fcl?<\/h4>\n<h4>\u00a0 \u00a0&gt; Esetleg rendelkezik saj\u00e1t g\u00e9pkocsival vagy motorker\u00e9kp\u00e1rral?<\/h4>\n<h4>Ha \u00d6n az a t\u00edpus,\u00a0aki<\/h4>\n<ul>\n<li style=\"font-weight: 400;\">mindh\u00e1rom k\u00e9rd\u00e9sre igennel v\u00e1laszolt,<\/li>\n<li style=\"font-weight: 400;\">sz\u00edvesebben s\u00e9t\u00e1l a megunhatatlan f\u0151v\u00e1rosunk utc\u00e1in, vagy a nyugodt vid\u00e9ki csal\u00e1di h\u00e1zak k\u00f6z\u00f6tt, ahelyett, hogy a 4 fal neonf\u00e9ny\u00e9ben \u00fclne;<\/li>\n<li style=\"font-weight: 400;\">szeret fot\u00f3zni;<\/li>\n<li style=\"font-weight: 400;\">a mindennapokban haszn\u00e1l okostelefont;<\/li>\n<li>szabadon szeretn\u00e9 munkaidej\u00e9t beosztani;<\/li>\n<li>munka k\u00f6zben ink\u00e1bb zen\u00e9t hallgat, vagy csak \u00fagy szeret a munka mellett m\u00e1sr\u00f3l is elm\u00e9lkedni;<\/li>\n<li>lelkesebb, ha a munkahely nap mint nap m\u00e1st jelent;<\/li>\n<li>az \u00e9lm\u00e9nyeken k\u00edv\u00fcl korrekt fizet\u00e9st szeretne munk\u00e1j\u00e1\u00e9rt<\/li>\n<\/ul>\n<p><strong>akkor ezt a munkahelyet \u00d6nnek tal\u00e1lt\u00e1k ki! <\/strong><\/p>\n<h3><a href=\"#jelentkezes\"><span style=\"color: #701b32;\">Kattintson, ha azonnal jelentkezne!<\/span><\/a><\/h3>\n<h3><\/h3>\n<p>&nbsp;<\/p>\n<h3>Meg\u00e9ri<\/h3>\n<p>Eg\u00e9sz napos t\u00far\u00e1z\u00e1ssal (\u00e9s persze a feladatai elv\u00e9gz\u00e9s\u00e9vel) ak\u00e1r 300 000 Ft-os vagy magasabb brutt\u00f3 b\u00e9rt is kereshet. De ez az \u00d6n teljes\u00edtm\u00e9ny\u00e9t\u0151l is f\u00fcgg.<\/p>\n<h3><\/h3>\n<p>&nbsp;<\/p>\n<h3>B\u00edzhat benne<\/h3>\n<p>A fizet\u00e9s pontosan minden h\u00f3nap 5. munkanapj\u00e1n \u00e9rkezik az \u00d6n banksz\u00e1mlasz\u00e1m\u00e1ra.<\/p>\n<h3><\/h3>\n<p>&nbsp;<\/p>\n<h3>T\u00f6bbet is kihozhat b\u00e9r\u00e9b\u0151l plusz juttat\u00e1sokkal:<\/h3>\n<ul>\n<li>Teljes\u00edtm\u00e9nyar\u00e1nyos pr\u00e9mium rendszer az alapb\u00e9ren fel\u00fcl<\/li>\n<li>Okostelefon a munkav\u00e9gz\u00e9shez (zenehallgat\u00e1sra is alkalmas);<\/li>\n<li>Budapesti (BKK) b\u00e9rlet;<\/li>\n<li>Vid\u00e9ki munkav\u00e9gz\u00e9s eset\u00e9n van lehet\u0151s\u00e9g aut\u00f3 haszn\u00e1lat\u00e1ra, melyet megt\u00e9r\u00edt\u00fcnk.<\/li>\n<li>Cafeteria;<\/li>\n<li>Rugalmas munkaid\u0151 beoszt\u00e1s;<\/li>\n<li>R\u00e1hat\u00e1s a munkafeladatok megszervez\u00e9s\u00e9re<\/li>\n<\/ul>\n<h3><\/h3>\n<h3>A &#8220;t\u00far\u00e1z\u00e1s&#8221; k\u00f6zben elv\u00e9gzend\u0151 feladatok:<\/h3>\n<ul>\n<li>fogyaszt\u00e1sm\u00e9r\u0151 \u00f3r\u00e1k leolvas\u00e1sa \u00e9s lefot\u00f3z\u00e1sa, fogyaszt\u00e1si adatok\u00a0r\u00f6gz\u00edt\u00e9se (c\u00e9ges mobileszk\u00f6zzel);<\/li>\n<\/ul>\n<h3><\/h3>\n<h3>El\u0151nyt jelent:<\/h3>\n<ul>\n<li>k\u00e9zbes\u00edt\u0151i-, m\u00e9r\u0151\u00f3raleolvas\u00e1si tapasztalat;<\/li>\n<li>\u00e9retts\u00e9gi,<\/li>\n<li>saj\u00e1t g\u00e9pkocsi vagy motorker\u00e9kp\u00e1r.<\/li>\n<\/ul>\n<h3 id=\"jelentkezes\">Tov\u00e1bbi r\u00e9szletek miatt jelentkezzen az al\u00e1bbi \u0171rlapon adatai megad\u00e1s\u00e1val \u00e9s munkat\u00e1rsaink keresni fogj\u00e1k a megadott el\u00e9rhet\u0151s\u00e9gein:<\/h3>\n<p>[\/vc_column_text][vc_empty_space][vc_raw_js]JTNDZGl2JTIwaWQlM0QlMjJtbWZvcm0yNzgwNDElMjIlMjBjbGFzcyUzRCUyMm1tZm9ybSUyMiUyMHN0eWxlJTNEJTIycG9zaXRpb24lM0ElMjByZWxhdGl2ZSUzQiUyMHBhZGRpbmctYm90dG9tJTNBJTIwMzAwcHglM0IlMjBoZWlnaHQlM0ElMjAwJTNCJTIwb3ZlcmZsb3clM0ElMjBoaWRkZW4lM0IlMjBtYXgtd2lkdGglM0ElMjA0MjBweCUzQiUyMiUzRSUzQyUyRmRpdiUzRSUwQSUzQ3NjcmlwdCUyMHR5cGUlM0QlMjJ0ZXh0JTJGamF2YXNjcmlwdCUyMiUzRSUwQXZhciUyMHVuaXF1ZUlkJTIwJTNEJTIwMjc4MDQxMTY5MDM3ODcwNDcxNCUyQyUwQSUwOWxpc3RJZCUyMCUzRCUyMDE0MDM2MSUyQyUwQSUwOWZvcm1JZCUyMCUzRCUyMDI3ODA0MSUyQyUwQSUwOWl3aWR0aCUzRDAxNSUyQyUwQSUwOW1tRG9tYWluJTNEJTI3c2FsZXNhdXRvcGlsb3QuczMuYW1hem9uYXdzLmNvbSUyNyUyQyUwQSUwOXNlY29uZE1NRG9tYWluJTNEJTI3c3cubWFya2V0aW5nc3pvZnR2ZXJlay5odSUyNyUyQyUwQSUwOXNwYW5jb250JTNEZmFsc2UlMkMlMEElMDlzZWN1cmUlM0QlMjdodHRwcyUzQSUyNyUyMCUzRCUzRCUyMCUyOGRvY3VtZW50LmxvY2F0aW9uLnByb3RvY29sJTI5JTNGdHJ1ZSUzQWZhbHNlJTNCJTBBJTNDJTJGc2NyaXB0JTNFJTBBJTNDc2NyaXB0JTIwdHlwZSUzRCUyMnRleHQlMkZqYXZhc2NyaXB0JTIyJTIwc3JjJTNEJTIyaHR0cHMlM0ElMkYlMkZkMXVyc3locXM1eDloMS5jbG91ZGZyb250Lm5ldCUyRnN3JTJGc2NyaXB0cyUyRm1tLWVtYmVkLWlmcmFtZS0xLjE1Lm1pbi5qcyUyMiUzRSUzQyUyRnNjcmlwdCUzRQ==[\/vc_raw_js][\/vc_column][\/vc_row][vc_row][vc_column][vc_column_text]<a href=\"https:\/\/www.online-fejvadasz.hu\/\" target=\"_blank\" rel=\"noopener noreferrer\">\u00d6nnek is keress\u00fcnk munkat\u00e1rsakat?<\/a>[vc_row full_width=&#8221;stretch_row&#8221; content_placement=&#8221;top&#8221; content_text_aligment=&#8221;center&#8221; css=&#8221;.vc_custom_1532510244061{background-image: url(https:\/\/www.online-fejvadasz.hu\/dijbeszedo-leolvaso\/wp-content\/uploads\/sites\/9\/2018\/07\/walking-690734_1920.jpg?id=5019) !important;background-position: center !important;background-repeat: no-repeat !important;background-size: cover !important;}&#8221;][vc_column][vc_column_text]<\/p>\n<div style=\"height: 400px;\"><\/div>\n<p>[\/vc_column_text][\/vc_column][\/vc_row][vc_row][vc_column][vc_column_text]<\/p>\n<p style=\"text-align: center;\"><strong><a href=\"https:\/\/www.online-fejvadasz.hu\/impresszum\/\">Impresszum<\/a> | <a href=\"https:\/\/www.online-fejvadasz.hu\/adatvedelmi-tajekoztato\/\">Adatv\u00e9delmi t\u00e1j\u00e9koztat\u00f3<\/a><\/strong><\/p>\n<p>[\/vc_column_text][\/vc_column][\/vc_row]<\/p>\n<!-- AddThis Advanced Settings generic via filter on the_content --><!-- AddThis Share Buttons generic via filter on the_content -->","protected":false},"excerpt":{"rendered":"<p>[vc_row full_width=&#8221;stretch_row_content&#8221; content_placement=&#8221;top&#8221; content_text_aligment=&#8221;center&#8221; css=&#8221;.vc_custom_1581942114729{background-image: url(https:\/\/online-fejvadasz.hu\/dijbeszedo-leolvaso\/wp-content\/uploads\/sites\/9\/2020\/02\/dijbeszedo-leolvaso-cover.jpg?id=5197) !important;background-position: center !important;background-repeat: no-repeat !important;background-size: cover !important;}&#8221;][vc_column][vc_column_text] [\/vc_column_text][\/vc_column][\/vc_row][vc_row css=&#8221;.vc_custom_1509972616523{margin-top: -10px !important;}&#8221;][vc_column][vc_column_text] Fogyaszt\u00e1sm\u00e9r\u0151 leolvas\u00f3: Egy t\u00far\u00e1z\u00f3, aki a hobbij\u00e1\u00e9rt p\u00e9nzt is kap<!-- AddThis Advanced Settings generic via filter on get_the_excerpt --><!-- AddThis Share Buttons generic via filter on get_the_excerpt --><\/p>\n","protected":false},"author":1,"featured_media":0,"parent":0,"menu_order":0,"comment_status":"closed","ping_status":"closed","template":"","meta":[],"yoast_head":"<!-- This site is optimized with the Yoast SEO plugin v14.8.1 - https:\/\/yoast.com\/wordpress\/plugins\/seo\/ -->\n<title>Fogyaszt\u00e1sm\u00e9r\u0151 leolvas\u00f3 - D\u00edjbeszed\u0151 leolvas\u00f3<\/title>\n<meta name=\"description\" content=\"Keress\u00fck azokat a munkat\u00e1rsainkat, akik jobban szeretnek a szabadban lenni, s\u00e9t\u00e1lni, maguk beosztani saj\u00e1t idej\u00fck, mint z\u00e1rt irod\u00e1ba id\u0151re bemenni, eg\u00e9sznap neonban \u00fclni, \u00e9s ez\u00e9rt sz\u00e1mukra a fogyaszt\u00e1sm\u00e9r\u0151 leolvas\u00f3 \u00e1ll\u00e1s kifejezetetten vonz\u00f3 lehet.\" \/>\n<meta name=\"robots\" content=\"index, follow\" \/>\n<meta name=\"googlebot\" content=\"index, follow, max-snippet:-1, max-image-preview:large, max-video-preview:-1\" \/>\n<meta name=\"bingbot\" content=\"index, follow, max-snippet:-1, max-image-preview:large, max-video-preview:-1\" \/>\n<link rel=\"canonical\" href=\"https:\/\/online-fejvadasz.hu\/dijbeszedo-leolvaso\/\" \/>\n<meta property=\"og:locale\" content=\"hu_HU\" \/>\n<meta property=\"og:type\" content=\"article\" \/>\n<meta property=\"og:title\" content=\"Fogyaszt\u00e1sm\u00e9r\u0151 leolvas\u00f3 - D\u00edjbeszed\u0151 leolvas\u00f3\" \/>\n<meta property=\"og:description\" content=\"Keress\u00fck azokat a munkat\u00e1rsainkat, akik jobban szeretnek a szabadban lenni, s\u00e9t\u00e1lni, maguk beosztani saj\u00e1t idej\u00fck, mint z\u00e1rt irod\u00e1ba id\u0151re bemenni, eg\u00e9sznap neonban \u00fclni, \u00e9s ez\u00e9rt sz\u00e1mukra a fogyaszt\u00e1sm\u00e9r\u0151 leolvas\u00f3 \u00e1ll\u00e1s kifejezetetten vonz\u00f3 lehet.\" \/>\n<meta property=\"og:url\" content=\"https:\/\/online-fejvadasz.hu\/dijbeszedo-leolvaso\/\" \/>\n<meta property=\"og:site_name\" content=\"D\u00edjbeszed\u0151 leolvas\u00f3\" \/>\n<meta property=\"article:modified_time\" content=\"2023-07-26T13:46:07+00:00\" \/>\n<meta name=\"twitter:card\" content=\"summary_large_image\" \/>\n<script type=\"application\/ld+json\" class=\"yoast-schema-graph\">{\"@context\":\"https:\/\/schema.org\",\"@graph\":[{\"@type\":\"WebSite\",\"@id\":\"https:\/\/online-fejvadasz.hu\/dijbeszedo-leolvaso\/#website\",\"url\":\"https:\/\/online-fejvadasz.hu\/dijbeszedo-leolvaso\/\",\"name\":\"D\\u00edjbeszed\\u0151 leolvas\\u00f3\",\"description\":\"...egy \\u00fajabb Online fejvad\\u00e1sz honlapok honlap...\",\"potentialAction\":[{\"@type\":\"SearchAction\",\"target\":\"https:\/\/online-fejvadasz.hu\/dijbeszedo-leolvaso\/?s={search_term_string}\",\"query-input\":\"required name=search_term_string\"}],\"inLanguage\":\"hu\"},{\"@type\":\"WebPage\",\"@id\":\"https:\/\/online-fejvadasz.hu\/dijbeszedo-leolvaso\/#webpage\",\"url\":\"https:\/\/online-fejvadasz.hu\/dijbeszedo-leolvaso\/\",\"name\":\"Fogyaszt\\u00e1sm\\u00e9r\\u0151 leolvas\\u00f3 - D\\u00edjbeszed\\u0151 leolvas\\u00f3\",\"isPartOf\":{\"@id\":\"https:\/\/online-fejvadasz.hu\/dijbeszedo-leolvaso\/#website\"},\"datePublished\":\"2018-10-08T14:42:57+00:00\",\"dateModified\":\"2023-07-26T13:46:07+00:00\",\"description\":\"Keress\\u00fck azokat a munkat\\u00e1rsainkat, akik jobban szeretnek a szabadban lenni, s\\u00e9t\\u00e1lni, maguk beosztani saj\\u00e1t idej\\u00fck, mint z\\u00e1rt irod\\u00e1ba id\\u0151re bemenni, eg\\u00e9sznap neonban \\u00fclni, \\u00e9s ez\\u00e9rt sz\\u00e1mukra a fogyaszt\\u00e1sm\\u00e9r\\u0151 leolvas\\u00f3 \\u00e1ll\\u00e1s kifejezetetten vonz\\u00f3 lehet.\",\"inLanguage\":\"hu\",\"potentialAction\":[{\"@type\":\"ReadAction\",\"target\":[\"https:\/\/online-fejvadasz.hu\/dijbeszedo-leolvaso\/\"]}]}]}<\/script>\n<!-- \/ Yoast SEO plugin. -->","_links":{"self":[{"href":"https:\/\/online-fejvadasz.hu\/dijbeszedo-leolvaso\/wp-json\/wp\/v2\/pages\/5117"}],"collection":[{"href":"https:\/\/online-fejvadasz.hu\/dijbeszedo-leolvaso\/wp-json\/wp\/v2\/pages"}],"about":[{"href":"https:\/\/online-fejvadasz.hu\/dijbeszedo-leolvaso\/wp-json\/wp\/v2\/types\/page"}],"author":[{"embeddable":true,"href":"https:\/\/online-fejvadasz.hu\/dijbeszedo-leolvaso\/wp-json\/wp\/v2\/users\/1"}],"replies":[{"embeddable":true,"href":"https:\/\/online-fejvadasz.hu\/dijbeszedo-leolvaso\/wp-json\/wp\/v2\/comments?post=5117"}],"version-history":[{"count":69,"href":"https:\/\/online-fejvadasz.hu\/dijbeszedo-leolvaso\/wp-json\/wp\/v2\/pages\/5117\/revisions"}],"predecessor-version":[{"id":5253,"href":"https:\/\/online-fejvadasz.hu\/dijbeszedo-leolvaso\/wp-json\/wp\/v2\/pages\/5117\/revisions\/5253"}],"wp:attachment":[{"href":"https:\/\/online-fejvadasz.hu\/dijbeszedo-leolvaso\/wp-json\/wp\/v2\/media?parent=5117"}],"curies":[{"name":"wp","href":"https:\/\/api.w.org\/{rel}","templated":true}]}}